{"id":3272,"date":"2026-02-03T19:41:49","date_gmt":"2026-02-03T19:41:49","guid":{"rendered":"https:\/\/www.escolaginestaripollet.cat\/contacte-2\/"},"modified":"2026-02-04T12:52:14","modified_gmt":"2026-02-04T12:52:14","slug":"benvinguda","status":"publish","type":"page","link":"https:\/\/www.escolaginestaripollet.cat\/es\/benvinguda\/","title":{"rendered":"BENVINGUDA"},"content":{"rendered":"<div id=\"fws_6a0472df00eaa\"  data-column-margin=\"default\" data-midnight=\"dark\"  class=\"wpb_row vc_row-fluid vc_row full-width-content vc_row-o-equal-height vc_row-flex vc_row-o-content-top\"  style=\"padding-top: 0px; padding-bottom: 0px; \"><div class=\"row-bg-wrap\" data-bg-animation=\"none\" data-bg-animation-delay=\"\" data-bg-overlay=\"false\"><div class=\"inner-wrap row-bg-layer\" ><div class=\"row-bg viewport-desktop\"  style=\"\"><\/div><\/div><\/div><div class=\"row_col_wrap_12 col span_12 dark left\">\n\t<div  class=\"vc_col-sm-12 wpb_column column_container vc_column_container col no-extra-padding inherit_tablet inherit_phone\"  data-padding-pos=\"all\" data-has-bg-color=\"false\" data-bg-color=\"\" data-bg-opacity=\"1\" data-animation=\"\" data-delay=\"0\" >\n\t\t<div class=\"vc_column-inner\" >\n\t\t\t<div class=\"wpb_wrapper\">\n\t\t\t\t<div id=\"fws_6a0472df01577\" data-midnight=\"\" data-column-margin=\"default\" class=\"wpb_row vc_row-fluid vc_row inner_row\"  style=\"\"><div class=\"row-bg-wrap\"> <div class=\"row-bg\" ><\/div> <\/div><div class=\"row_col_wrap_12_inner col span_12  left\">\n\t<div  class=\"vc_col-sm-7 wpb_column column_container vc_column_container col child_column no-extra-padding inherit_tablet inherit_phone\"   data-padding-pos=\"all\" data-has-bg-color=\"false\" data-bg-color=\"\" data-bg-opacity=\"1\" data-animation=\"\" data-delay=\"0\" >\n\t\t<div class=\"vc_column-inner\" >\n\t\t<div class=\"wpb_wrapper\">\n\t\t\t<div class=\"img-with-aniamtion-wrap\" data-max-width=\"100%\" data-max-width-mobile=\"default\" data-shadow=\"none\" data-animation=\"none\" >\n      <div class=\"inner\">\n        <div class=\"hover-wrap\"> \n          <div class=\"hover-wrap-inner\">\n            <img loading=\"lazy\" decoding=\"async\" class=\"img-with-animation skip-lazy\" data-delay=\"0\" height=\"1240\" width=\"1748\" data-animation=\"none\" src=\"https:\/\/www.escolaginestaripollet.cat\/wp-content\/uploads\/2026\/02\/Benvinguts-i-benvingudes-a-lescola-1.jpg\" alt=\"\" srcset=\"https:\/\/www.escolaginestaripollet.cat\/wp-content\/uploads\/2026\/02\/Benvinguts-i-benvingudes-a-lescola-1.jpg 1748w, https:\/\/www.escolaginestaripollet.cat\/wp-content\/uploads\/2026\/02\/Benvinguts-i-benvingudes-a-lescola-1-300x213.jpg 300w, https:\/\/www.escolaginestaripollet.cat\/wp-content\/uploads\/2026\/02\/Benvinguts-i-benvingudes-a-lescola-1-1024x726.jpg 1024w, https:\/\/www.escolaginestaripollet.cat\/wp-content\/uploads\/2026\/02\/Benvinguts-i-benvingudes-a-lescola-1-768x545.jpg 768w, https:\/\/www.escolaginestaripollet.cat\/wp-content\/uploads\/2026\/02\/Benvinguts-i-benvingudes-a-lescola-1-1536x1090.jpg 1536w, https:\/\/www.escolaginestaripollet.cat\/wp-content\/uploads\/2026\/02\/Benvinguts-i-benvingudes-a-lescola-1-18x12.jpg 18w\" sizes=\"auto, (max-width: 1748px) 100vw, 1748px\" \/>\n          <\/div>\n        <\/div>\n      <\/div>\n    <\/div>\n\t\t<\/div> \n\t<\/div>\n\t<\/div> \n\n\t<div  class=\"vc_col-sm-4 wpb_column column_container vc_column_container col child_column no-extra-padding left_margin_16px top_margin_tablet_0px top_margin_phone_0px right_margin_phone_15px left_margin_tablet_18px left_margin_phone_17px inherit_tablet inherit_phone\"   data-padding-pos=\"all\" data-has-bg-color=\"false\" data-bg-color=\"\" data-bg-opacity=\"1\" data-animation=\"\" data-delay=\"0\" >\n\t\t<div class=\"vc_column-inner\" >\n\t\t<div class=\"wpb_wrapper\">\n\t\t\t<div class=\"divider-wrap\" data-alignment=\"default\"><div style=\"height: 100px;\" class=\"divider\"><\/div><\/div>\n<div class=\"wpb_text_column wpb_content_element  vc_custom_1770148917705\" >\n\t<div class=\"wpb_wrapper\">\n\t\t<p><span style=\"font-family: Calibri, sans-serif;\"><span style=\"font-size: xx-large;\">LA BENVINGUDA<\/span><\/span><\/p>\n\t<\/div>\n<\/div>\n\n\n\n\n<div class=\"wpb_text_column wpb_content_element  vc_custom_1770192203387\" >\n\t<div class=\"wpb_wrapper\">\n\t\t<p lang=\"ca-ES\" align=\"justify\"><span style=\"color: #808080;\"><em><span style=\"font-family: Calibri, sans-serif;\"><span style=\"font-size: large;\">Benvinguts i benvingudes a l\u2019escola Josep M\u00aa Ginesta. <\/span><\/span><\/em><\/span><\/p>\n<p lang=\"ca-ES\" align=\"justify\"><span style=\"color: #808080;\"><em><a style=\"color: #808080;\" name=\"_GoBack\"><\/a><span style=\"font-family: Calibri, sans-serif;\"><span style=\"font-size: large;\">La nostra escola va encaminada cap a construir espais d\u2019aprenentatge compartits i diferents, aprenentatges m\u00e9s competencials, valorant l\u2019esfor\u00e7 que fan els infants per millorar. Els mestres i les mestres sabem que tenim una gran tasca a desenvolupar: despertar emocions, generar entusiasme, aprendre del dia a dia i crear, junt amb el nostre alumnat, hist\u00f2ries extraordin\u00e0ries. Apostem per escoltar i acompanyar als infants a partir de les seves pr\u00f2pies necessitats, fent que s\u2019emocionin, que sentin curiositat, que es facin bones preguntes, que facin recerca, que comparteixin, comuniquin i que en treguin conclusions. L\u2019escola \u00e9s un lloc on l\u2019art d\u2019ensenyar \u00e9s l\u2019art d\u2019ajudar a descobrir, d\u2019aprendre a aprendre, d\u2019aprendre a resoldre, d\u2019aprendre a ser\u2026Un lloc on aprendre i compartir. <\/span><\/span><\/em><\/span><\/p>\n<p lang=\"ca-ES\" align=\"justify\"><span style=\"color: #808080;\"><em><span style=\"font-family: Calibri, sans-serif;\"><span style=\"font-size: large;\">Us esperem amb els bra\u00e7os oberts!<\/span><\/span><\/em><\/span><\/p>\n<p>&nbsp;<\/p>\n<p>&nbsp;<\/p>\n<div class=\"xat24cr\">\n<div class=\"x13faqbe x78zum5 xdt5ytf\">\n<div class=\"x9f619 x1n2onr6 x1ja2u2z x78zum5 x1r8uery x1iyjqo2 xs83m0k xeuugli x1nhvcw1 x1qjc9v5 xozqiw3 x1q0g3np xexx8yu xykv574 xbmpl8g x4cne27 xifccgj\">\n<div class=\"x9f619 x1n2onr6 x1ja2u2z x78zum5 xdt5ytf x2lah0s x193iq5w xeuugli xsyo7zv x16hj40l x10b6aqq x1yrsyyn\"><\/div>\n<\/div>\n<\/div>\n<\/div>\n\t<\/div>\n<\/div>\n\n\n\n<div class=\"divider-wrap\" data-alignment=\"default\"><div style=\"height: 10px;\" class=\"divider\"><\/div><\/div><div class=\"img-with-aniamtion-wrap right\" data-max-width=\"100%\" data-max-width-mobile=\"default\" data-shadow=\"none\" data-animation=\"none\" >\n      <div class=\"inner\">\n        <div class=\"hover-wrap\"> \n          <div class=\"hover-wrap-inner\">\n            <img loading=\"lazy\" decoding=\"async\" class=\"img-with-animation skip-lazy\" data-delay=\"0\" height=\"100\" width=\"100\" data-animation=\"none\" src=\"\" alt=\"\"  \/>\n          <\/div>\n        <\/div>\n      <\/div>\n    <\/div>\n\t\t<\/div> \n\t<\/div>\n\t<\/div> \n<\/div><\/div>\n\t\t\t<\/div> \n\t\t<\/div>\n\t<\/div> \n<\/div><\/div>","protected":false},"excerpt":{"rendered":"LA BENVINGUDA Benvinguts i benvingudes a l\u2019escola Josep M\u00aa Ginesta. La nostra escola va encaminada cap a construir espais d\u2019aprenentatge compartits i diferents, aprenentatges m\u00e9s competencials, valorant l\u2019esfor\u00e7 que fan...","protected":false},"author":1,"featured_media":0,"parent":0,"menu_order":0,"comment_status":"open","ping_status":"closed","template":"","meta":{"footnotes":""},"class_list":["post-3272","page","type-page","status-publish"],"_links":{"self":[{"href":"https:\/\/www.escolaginestaripollet.cat\/es\/wp-json\/wp\/v2\/pages\/3272","targetHints":{"allow":["GET"]}}],"collection":[{"href":"https:\/\/www.escolaginestaripollet.cat\/es\/wp-json\/wp\/v2\/pages"}],"about":[{"href":"https:\/\/www.escolaginestaripollet.cat\/es\/wp-json\/wp\/v2\/types\/page"}],"author":[{"embeddable":true,"href":"https:\/\/www.escolaginestaripollet.cat\/es\/wp-json\/wp\/v2\/users\/1"}],"replies":[{"embeddable":true,"href":"https:\/\/www.escolaginestaripollet.cat\/es\/wp-json\/wp\/v2\/comments?post=3272"}],"version-history":[{"count":15,"href":"https:\/\/www.escolaginestaripollet.cat\/es\/wp-json\/wp\/v2\/pages\/3272\/revisions"}],"predecessor-version":[{"id":3480,"href":"https:\/\/www.escolaginestaripollet.cat\/es\/wp-json\/wp\/v2\/pages\/3272\/revisions\/3480"}],"wp:attachment":[{"href":"https:\/\/www.escolaginestaripollet.cat\/es\/wp-json\/wp\/v2\/media?parent=3272"}],"curies":[{"name":"wp","href":"https:\/\/api.w.org\/{rel}","templated":true}]}}