{"id":3403,"date":"2026-02-04T09:37:06","date_gmt":"2026-02-04T09:37:06","guid":{"rendered":"https:\/\/www.escolaginestaripollet.cat\/benvinguda-6\/"},"modified":"2026-02-04T12:55:39","modified_gmt":"2026-02-04T12:55:39","slug":"consell-escolar","status":"publish","type":"page","link":"https:\/\/www.escolaginestaripollet.cat\/es\/consell-escolar\/","title":{"rendered":"CONSELL ESCOLAR"},"content":{"rendered":"<div id=\"fws_6a046984b8a95\"  data-column-margin=\"default\" data-midnight=\"dark\"  class=\"wpb_row vc_row-fluid vc_row full-width-content vc_row-o-equal-height vc_row-flex vc_row-o-content-top\"  style=\"padding-top: 0px; padding-bottom: 0px; \"><div class=\"row-bg-wrap\" data-bg-animation=\"none\" data-bg-animation-delay=\"\" data-bg-overlay=\"false\"><div class=\"inner-wrap row-bg-layer\" ><div class=\"row-bg viewport-desktop\"  style=\"\"><\/div><\/div><\/div><div class=\"row_col_wrap_12 col span_12 dark left\">\n\t<div  class=\"vc_col-sm-12 wpb_column column_container vc_column_container col no-extra-padding inherit_tablet inherit_phone\"  data-padding-pos=\"all\" data-has-bg-color=\"false\" data-bg-color=\"\" data-bg-opacity=\"1\" data-animation=\"\" data-delay=\"0\" >\n\t\t<div class=\"vc_column-inner\" >\n\t\t\t<div class=\"wpb_wrapper\">\n\t\t\t\t<div id=\"fws_6a046984b8d66\" data-midnight=\"\" data-column-margin=\"default\" class=\"wpb_row vc_row-fluid vc_row inner_row\"  style=\"\"><div class=\"row-bg-wrap\"> <div class=\"row-bg\" ><\/div> <\/div><div class=\"row_col_wrap_12_inner col span_12  left\">\n\t<div  class=\"vc_col-sm-7 wpb_column column_container vc_column_container col child_column no-extra-padding inherit_tablet inherit_phone\"   data-padding-pos=\"all\" data-has-bg-color=\"false\" data-bg-color=\"\" data-bg-opacity=\"1\" data-animation=\"\" data-delay=\"0\" >\n\t\t<div class=\"vc_column-inner\" >\n\t\t<div class=\"wpb_wrapper\">\n\t\t\t<div class=\"img-with-aniamtion-wrap\" data-max-width=\"100%\" data-max-width-mobile=\"default\" data-shadow=\"none\" data-animation=\"none\" >\n      <div class=\"inner\">\n        <div class=\"hover-wrap\"> \n          <div class=\"hover-wrap-inner\">\n            <img loading=\"lazy\" decoding=\"async\" class=\"img-with-animation skip-lazy\" data-delay=\"0\" height=\"2000\" width=\"1414\" data-animation=\"none\" src=\"https:\/\/www.escolaginestaripollet.cat\/wp-content\/uploads\/2026\/02\/Membres-Consell-Escolar-actuals.jpg\" alt=\"\" srcset=\"https:\/\/www.escolaginestaripollet.cat\/wp-content\/uploads\/2026\/02\/Membres-Consell-Escolar-actuals.jpg 1414w, https:\/\/www.escolaginestaripollet.cat\/wp-content\/uploads\/2026\/02\/Membres-Consell-Escolar-actuals-212x300.jpg 212w, https:\/\/www.escolaginestaripollet.cat\/wp-content\/uploads\/2026\/02\/Membres-Consell-Escolar-actuals-724x1024.jpg 724w, https:\/\/www.escolaginestaripollet.cat\/wp-content\/uploads\/2026\/02\/Membres-Consell-Escolar-actuals-768x1086.jpg 768w, https:\/\/www.escolaginestaripollet.cat\/wp-content\/uploads\/2026\/02\/Membres-Consell-Escolar-actuals-1086x1536.jpg 1086w, https:\/\/www.escolaginestaripollet.cat\/wp-content\/uploads\/2026\/02\/Membres-Consell-Escolar-actuals-8x12.jpg 8w\" sizes=\"auto, (max-width: 1414px) 100vw, 1414px\" \/>\n          <\/div>\n        <\/div>\n      <\/div>\n    <\/div>\n\t\t<\/div> \n\t<\/div>\n\t<\/div> \n\n\t<div  class=\"vc_col-sm-4 wpb_column column_container vc_column_container col child_column no-extra-padding left_margin_16px top_margin_tablet_0px top_margin_phone_0px right_margin_phone_15px left_margin_tablet_18px left_margin_phone_17px inherit_tablet inherit_phone\"   data-padding-pos=\"all\" data-has-bg-color=\"false\" data-bg-color=\"\" data-bg-opacity=\"1\" data-animation=\"\" data-delay=\"0\" >\n\t\t<div class=\"vc_column-inner\" >\n\t\t<div class=\"wpb_wrapper\">\n\t\t\t<div class=\"divider-wrap\" data-alignment=\"default\"><div style=\"height: 100px;\" class=\"divider\"><\/div><\/div>\n<div class=\"wpb_text_column wpb_content_element  vc_custom_1770209594144\" >\n\t<div class=\"wpb_wrapper\">\n\t\t<p><span style=\"font-family: Calibri, sans-serif; color: #808080;\"><span style=\"font-size: xx-large;\">CONSELL ESCOLAR<\/span><\/span><\/p>\n\t<\/div>\n<\/div>\n\n\n\n\n<div class=\"wpb_text_column wpb_content_element  vc_custom_1770209481798\" >\n\t<div class=\"wpb_wrapper\">\n\t\t<p lang=\"ca-ES\" align=\"justify\"><span style=\"color: #808080;\"><em><span style=\"font-family: Calibri, sans-serif;\"><span style=\"font-size: large;\">El consell escolar del nostre centre \u00e9s un \u00f2rgan viu de participaci\u00f3 de tota la comunitat escolar.<\/span><\/span><\/em><\/span><\/p>\n<p lang=\"ca-ES\" align=\"justify\"><span style=\"color: #808080;\"><em><span style=\"font-family: Calibri, sans-serif;\"><span style=\"font-size: large;\">La funci\u00f3 principal \u00e9s mantenir el bon funcionament , organitzaci\u00f3 i el bon clima de la nostra escola. <\/span><\/span><\/em><\/span><\/p>\n<p>&nbsp;<\/p>\n<p>&nbsp;<\/p>\n<div class=\"xat24cr\">\n<div class=\"x13faqbe x78zum5 xdt5ytf\">\n<div class=\"x9f619 x1n2onr6 x1ja2u2z x78zum5 x1r8uery x1iyjqo2 xs83m0k xeuugli x1nhvcw1 x1qjc9v5 xozqiw3 x1q0g3np xexx8yu xykv574 xbmpl8g x4cne27 xifccgj\">\n<div class=\"x9f619 x1n2onr6 x1ja2u2z x78zum5 xdt5ytf x2lah0s x193iq5w xeuugli xsyo7zv x16hj40l x10b6aqq x1yrsyyn\"><\/div>\n<\/div>\n<\/div>\n<\/div>\n\t<\/div>\n<\/div>\n\n\n\n<div class=\"divider-wrap\" data-alignment=\"default\"><div style=\"height: 10px;\" class=\"divider\"><\/div><\/div><div class=\"img-with-aniamtion-wrap right\" data-max-width=\"100%\" data-max-width-mobile=\"default\" data-shadow=\"none\" data-animation=\"none\" >\n      <div class=\"inner\">\n        <div class=\"hover-wrap\"> \n          <div class=\"hover-wrap-inner\">\n            <img loading=\"lazy\" decoding=\"async\" class=\"img-with-animation skip-lazy\" data-delay=\"0\" height=\"100\" width=\"100\" data-animation=\"none\" src=\"\" alt=\"\"  \/>\n          <\/div>\n        <\/div>\n      <\/div>\n    <\/div>\n\t\t<\/div> \n\t<\/div>\n\t<\/div> \n<\/div><\/div>\n\t\t\t<\/div> \n\t\t<\/div>\n\t<\/div> \n<\/div><\/div>","protected":false},"excerpt":{"rendered":"CONSELL ESCOLAR El consell escolar del nostre centre \u00e9s un \u00f2rgan viu de participaci\u00f3 de tota la comunitat escolar. La funci\u00f3 principal \u00e9s mantenir el bon funcionament , organitzaci\u00f3 i...","protected":false},"author":1,"featured_media":0,"parent":0,"menu_order":0,"comment_status":"open","ping_status":"closed","template":"","meta":{"footnotes":""},"class_list":["post-3403","page","type-page","status-publish"],"_links":{"self":[{"href":"https:\/\/www.escolaginestaripollet.cat\/es\/wp-json\/wp\/v2\/pages\/3403","targetHints":{"allow":["GET"]}}],"collection":[{"href":"https:\/\/www.escolaginestaripollet.cat\/es\/wp-json\/wp\/v2\/pages"}],"about":[{"href":"https:\/\/www.escolaginestaripollet.cat\/es\/wp-json\/wp\/v2\/types\/page"}],"author":[{"embeddable":true,"href":"https:\/\/www.escolaginestaripollet.cat\/es\/wp-json\/wp\/v2\/users\/1"}],"replies":[{"embeddable":true,"href":"https:\/\/www.escolaginestaripollet.cat\/es\/wp-json\/wp\/v2\/comments?post=3403"}],"version-history":[{"count":6,"href":"https:\/\/www.escolaginestaripollet.cat\/es\/wp-json\/wp\/v2\/pages\/3403\/revisions"}],"predecessor-version":[{"id":3483,"href":"https:\/\/www.escolaginestaripollet.cat\/es\/wp-json\/wp\/v2\/pages\/3403\/revisions\/3483"}],"wp:attachment":[{"href":"https:\/\/www.escolaginestaripollet.cat\/es\/wp-json\/wp\/v2\/media?parent=3403"}],"curies":[{"name":"wp","href":"https:\/\/api.w.org\/{rel}","templated":true}]}}