{"id":3404,"date":"2026-02-04T09:37:09","date_gmt":"2026-02-04T09:37:09","guid":{"rendered":"https:\/\/www.escolaginestaripollet.cat\/benvinguda-7\/"},"modified":"2026-02-25T16:04:23","modified_gmt":"2026-02-25T16:04:23","slug":"llibres-i-quotes","status":"publish","type":"page","link":"https:\/\/www.escolaginestaripollet.cat\/es\/llibres-i-quotes\/","title":{"rendered":"LLIBRES I QUOTES"},"content":{"rendered":"<div id=\"fws_6a04698477067\"  data-column-margin=\"default\" data-midnight=\"dark\"  class=\"wpb_row vc_row-fluid vc_row\"  style=\"padding-top: 0px; padding-bottom: 0px; \"><div class=\"row-bg-wrap\" data-bg-animation=\"none\" data-bg-animation-delay=\"\" data-bg-overlay=\"false\"><div class=\"inner-wrap row-bg-layer\" ><div class=\"row-bg viewport-desktop\"  style=\"\"><\/div><\/div><\/div><div class=\"row_col_wrap_12 col span_12 dark left\">\n\t<div  class=\"vc_col-sm-12 wpb_column column_container vc_column_container col no-extra-padding inherit_tablet inherit_phone\"  data-padding-pos=\"all\" data-has-bg-color=\"false\" data-bg-color=\"\" data-bg-opacity=\"1\" data-animation=\"\" data-delay=\"0\" >\n\t\t<div class=\"vc_column-inner\" >\n\t\t\t<div class=\"wpb_wrapper\">\n\t\t\t\t<div class=\"divider-wrap\" data-alignment=\"default\"><div style=\"height: 60px;\" class=\"divider\"><\/div><\/div><div id=\"fws_6a046984774ab\" data-midnight=\"\" data-column-margin=\"default\" class=\"wpb_row vc_row-fluid vc_row inner_row\"  style=\"\"><div class=\"row-bg-wrap\"> <div class=\"row-bg\" ><\/div> <\/div><div class=\"row_col_wrap_12_inner col span_12  left\">\n\t<div  class=\"vc_col-sm-12 wpb_column column_container vc_column_container col child_column no-extra-padding left_margin_25px inherit_tablet inherit_phone\"   data-padding-pos=\"all\" data-has-bg-color=\"false\" data-bg-color=\"\" data-bg-opacity=\"1\" data-animation=\"\" data-delay=\"0\" >\n\t\t<div class=\"vc_column-inner\" >\n\t\t<div class=\"wpb_wrapper\">\n\t\t\t\n\t<div class=\"wpb_gallery wpb_content_element clearfix\">\n\t\t<div class=\"wpb_wrapper\"><div class=\"wpb_gallery_slidesimage_grid\" data-onclick=\"link_image\" data-interval=\"5\">\n\n\t<div class=\"portfolio-wrap\">\n\n\t\t\t<span class=\"portfolio-loading\"><\/span>\n\n\t\t\t<div class=\"row portfolio-items no-masonry\" data-starting-filter=\"\" data-gutter=\"default\" data-masonry-type=\"default\" data-bypass-cropping=\"\"  data-ps=\"7\" data-loading=\"default\" data-categories-to-show=\"\" data-col-num=\"cols-2\">\n\n\n\n\t\n\t\t\t\t\t\t\t<div class=\"col span_6  element\" data-project-cat=\"\" data-default-color=\"true\" data-title-color=\"\" data-subtitle-color=\"\">\n\n\t\t\t\t\t\t\t<div class=\"inner-wrap animated\" data-animation=\"none\">\n\n\t\t\t\t\t\t\t\n\t\t\t\t\t\t\t<div class=\"work-item style-2\">\n\n\t\t\t\t\t\t\t\t<img decoding=\"async\" class=\"skip-lazy top-level-image\" src=\"https:\/\/www.escolaginestaripollet.cat\/wp-content\/uploads\/2026\/02\/1-1-600x400.png\" width=\"600\" height=\"400\" alt=\"1\" title=\"1\" loading=\"lazy\" \/>\n\t\t\t\t\t\t\t\t<div class=\"work-info-bg\"><\/div>\n\t\t\t\t\t\t\t\t<div class=\"work-info\">\n\n\n\t\t\t\t\t\t\t\t\t\t\t\t\t\t\t\t\t   \t\t\t <a href=\"https:\/\/www.escolaginestaripollet.cat\/wp-content\/uploads\/2026\/02\/1-1.png\" class=\"pretty_photo\"><\/a>\n\t\t\t\t\t\t\t\t   \t\t\n\t\t\t\t\t\t\t\t\t\t<div class=\"vert-center\">\n\t\t\t\t\t\t\t\t\t\t\t\t\t\t\t\t\t\t\t\t\t<\/div><!--\/vert-center-->\n\n\t\t\t\t\t\t\t\t\t\n\n\t\t\t\t\t\t\t\t<\/div>\n\t\t\t\t\t\t\t<\/div><!--work-item-->\n\n\t\t\t\t\t\t\n\n\t\t\t\t\t\t<\/div><\/div> \n\t\t\t\t\t\t\n\t\t\t\t\t\t\t<div class=\"col span_6  element\" data-project-cat=\"\" data-default-color=\"true\" data-title-color=\"\" data-subtitle-color=\"\">\n\n\t\t\t\t\t\t\t<div class=\"inner-wrap animated\" data-animation=\"none\">\n\n\t\t\t\t\t\t\t\n\t\t\t\t\t\t\t<div class=\"work-item style-2\">\n\n\t\t\t\t\t\t\t\t<img decoding=\"async\" class=\"skip-lazy top-level-image\" src=\"https:\/\/www.escolaginestaripollet.cat\/wp-content\/uploads\/2026\/02\/2-1-600x400.png\" width=\"600\" height=\"400\" alt=\"2\" title=\"2\" loading=\"lazy\" \/>\n\t\t\t\t\t\t\t\t<div class=\"work-info-bg\"><\/div>\n\t\t\t\t\t\t\t\t<div class=\"work-info\">\n\n\n\t\t\t\t\t\t\t\t\t\t\t\t\t\t\t\t\t   \t\t\t <a href=\"https:\/\/www.escolaginestaripollet.cat\/wp-content\/uploads\/2026\/02\/2-1.png\" class=\"pretty_photo\"><\/a>\n\t\t\t\t\t\t\t\t   \t\t\n\t\t\t\t\t\t\t\t\t\t<div class=\"vert-center\">\n\t\t\t\t\t\t\t\t\t\t\t\t\t\t\t\t\t\t\t\t\t<\/div><!--\/vert-center-->\n\n\t\t\t\t\t\t\t\t\t\n\n\t\t\t\t\t\t\t\t<\/div>\n\t\t\t\t\t\t\t<\/div><!--work-item-->\n\n\t\t\t\t\t\t\n\n\t\t\t\t\t\t<\/div><\/div> \n\t\t\t\t\t\t\n\t\t\t\t\t\t\t<div class=\"col span_6  element\" data-project-cat=\"\" data-default-color=\"true\" data-title-color=\"\" data-subtitle-color=\"\">\n\n\t\t\t\t\t\t\t<div class=\"inner-wrap animated\" data-animation=\"none\">\n\n\t\t\t\t\t\t\t\n\t\t\t\t\t\t\t<div class=\"work-item style-2\">\n\n\t\t\t\t\t\t\t\t<img decoding=\"async\" class=\"skip-lazy top-level-image\" src=\"https:\/\/www.escolaginestaripollet.cat\/wp-content\/uploads\/2026\/02\/3-1-600x400.png\" width=\"600\" height=\"400\" alt=\"3\" title=\"3\" loading=\"lazy\" \/>\n\t\t\t\t\t\t\t\t<div class=\"work-info-bg\"><\/div>\n\t\t\t\t\t\t\t\t<div class=\"work-info\">\n\n\n\t\t\t\t\t\t\t\t\t\t\t\t\t\t\t\t\t   \t\t\t <a href=\"https:\/\/www.escolaginestaripollet.cat\/wp-content\/uploads\/2026\/02\/3-1.png\" class=\"pretty_photo\"><\/a>\n\t\t\t\t\t\t\t\t   \t\t\n\t\t\t\t\t\t\t\t\t\t<div class=\"vert-center\">\n\t\t\t\t\t\t\t\t\t\t\t\t\t\t\t\t\t\t\t\t\t<\/div><!--\/vert-center-->\n\n\t\t\t\t\t\t\t\t\t\n\n\t\t\t\t\t\t\t\t<\/div>\n\t\t\t\t\t\t\t<\/div><!--work-item-->\n\n\t\t\t\t\t\t\n\n\t\t\t\t\t\t<\/div><\/div> \n\t\t\t\t\t\t\n\t\t\t\t\t\t\t<div class=\"col span_6  element\" data-project-cat=\"\" data-default-color=\"true\" data-title-color=\"\" data-subtitle-color=\"\">\n\n\t\t\t\t\t\t\t<div class=\"inner-wrap animated\" data-animation=\"none\">\n\n\t\t\t\t\t\t\t\n\t\t\t\t\t\t\t<div class=\"work-item style-2\">\n\n\t\t\t\t\t\t\t\t<img decoding=\"async\" class=\"skip-lazy top-level-image\" src=\"https:\/\/www.escolaginestaripollet.cat\/wp-content\/uploads\/2026\/02\/4-1-600x400.png\" width=\"600\" height=\"400\" alt=\"4\" title=\"4\" loading=\"lazy\" \/>\n\t\t\t\t\t\t\t\t<div class=\"work-info-bg\"><\/div>\n\t\t\t\t\t\t\t\t<div class=\"work-info\">\n\n\n\t\t\t\t\t\t\t\t\t\t\t\t\t\t\t\t\t   \t\t\t <a href=\"https:\/\/www.escolaginestaripollet.cat\/wp-content\/uploads\/2026\/02\/4-1.png\" class=\"pretty_photo\"><\/a>\n\t\t\t\t\t\t\t\t   \t\t\n\t\t\t\t\t\t\t\t\t\t<div class=\"vert-center\">\n\t\t\t\t\t\t\t\t\t\t\t\t\t\t\t\t\t\t\t\t\t<\/div><!--\/vert-center-->\n\n\t\t\t\t\t\t\t\t\t\n\n\t\t\t\t\t\t\t\t<\/div>\n\t\t\t\t\t\t\t<\/div><!--work-item-->\n\n\t\t\t\t\t\t\n\n\t\t\t\t\t\t<\/div><\/div> \n\t\t\t\t\t\t<\/div><\/div><\/div>\n\t\t<\/div> \n\t<\/div> <div class=\"divider-wrap\" data-alignment=\"default\"><div style=\"height: 100px;\" class=\"divider\"><\/div><\/div>\n\t\t<\/div> \n\t<\/div>\n\t<\/div> \n<\/div><\/div>\n\t\t\t<\/div> \n\t\t<\/div>\n\t<\/div> \n<\/div><\/div>\n\t\t<div id=\"fws_6a0469847916c\"  data-column-margin=\"default\" data-midnight=\"dark\"  class=\"wpb_row vc_row-fluid vc_row\"  style=\"padding-top: 0px; padding-bottom: 0px; \"><div class=\"row-bg-wrap\" data-bg-animation=\"none\" data-bg-animation-delay=\"\" data-bg-overlay=\"false\"><div class=\"inner-wrap row-bg-layer\" ><div class=\"row-bg viewport-desktop\"  style=\"\"><\/div><\/div><\/div><div class=\"row_col_wrap_12 col span_12 dark left\">\n\t<div  class=\"vc_col-sm-2 wpb_column column_container vc_column_container col no-extra-padding inherit_tablet inherit_phone\"  data-padding-pos=\"all\" data-has-bg-color=\"false\" data-bg-color=\"\" data-bg-opacity=\"1\" data-animation=\"\" data-delay=\"0\" >\n\t\t<div class=\"vc_column-inner\" >\n\t\t\t<div class=\"wpb_wrapper\">\n\t\t\t\t\n\t\t\t<\/div> \n\t\t<\/div>\n\t<\/div> \n\n\t<div  class=\"vc_col-sm-8 wpb_column column_container vc_column_container col no-extra-padding inherit_tablet inherit_phone\"  data-padding-pos=\"all\" data-has-bg-color=\"false\" data-bg-color=\"\" data-bg-opacity=\"1\" data-animation=\"\" data-delay=\"0\" >\n\t\t<div class=\"vc_column-inner\" >\n\t\t\t<div class=\"wpb_wrapper\">\n\t\t\t\t\n<div class=\"wpb_text_column wpb_content_element  vc_custom_1770210471880\" >\n\t<div class=\"wpb_wrapper\">\n\t\t<p><span style=\"font-family: Calibri, sans-serif;\"><span style=\"font-size: xx-large;\">LLIBRES I QUOTES<\/span><\/span><\/p>\n\t<\/div>\n<\/div>\n\n\n\n<div class=\"divider-wrap\" data-alignment=\"default\"><div style=\"height: 10px;\" class=\"divider\"><\/div><\/div>\n<div class=\"wpb_text_column wpb_content_element  vc_custom_1772035460493\" >\n\t<div class=\"wpb_wrapper\">\n\t\t<p lang=\"ca-ES\" align=\"justify\"><em><span style=\"color: #808080;\"><span style=\"font-family: Calibri, sans-serif;\"><span style=\"font-size: large;\">Quota Material.<\/span><\/span><\/span><\/em><\/p>\n<p lang=\"ca-ES\" align=\"justify\"><em><span style=\"color: #808080;\"><span style=\"font-family: Calibri, sans-serif;\"><span style=\"font-size: large;\">La quota de material, tecnol\u00f2gica i socialitzaci\u00f3 segueix sent de 115\u202f\u20ac .<\/span><\/span><\/span><\/em><\/p>\n<p lang=\"ca-ES\" align=\"justify\"><em><span style=\"color: #808080;\"><span style=\"font-family: Calibri, sans-serif;\"><span style=\"font-size: large;\">Aquest curs s\u2019ha aprovat per consell escolar l\u2019opci\u00f3 de fer una quota \u00fanica de 85 \u20ac d\u2019excursions. <\/span><\/span><\/span><\/em><\/p>\n<p lang=\"ca-ES\" align=\"justify\"><em><span style=\"color: #808080;\"><span style=\"font-family: Calibri, sans-serif;\"><span style=\"font-size: large;\">A la documentaci\u00f3 proporcionada a les fam\u00edlies al m\u00e9s de juliol, especifica d\u2019una forma m\u00e9s detallada tota la informaci\u00f3 relacionada a aquestes dues quotes.<\/span><\/span><\/span><\/em><\/p>\n<p lang=\"ca-ES\" align=\"justify\"><em><span style=\"color: #808080;\"><span style=\"font-family: Calibri, sans-serif;\"><span style=\"font-size: large;\">Qu\u00e8 inclou la quota de material, tecnol\u00f2gica i socialitzaci\u00f3?<\/span><\/span><\/span><\/em><\/p>\n<p lang=\"ca-ES\" align=\"justify\"><em><span style=\"color: #808080;\"><span style=\"font-family: Calibri, sans-serif;\"><span style=\"font-size: large;\">Aquesta quota \u00fanica inclou: <\/span><\/span><\/span><\/em><\/p>\n<p lang=\"ca-ES\" align=\"justify\"><em><span style=\"color: #808080;\"><span style=\"font-family: Calibri, sans-serif;\"><span style=\"font-size: large;\">Material fungible: Agenda escolar, llibretes diverses, carpetes diverses, retoladors, pintures, plastilina, vernissos, fulls, fulls de colors, fulls de dibuix, gomets, retoladors gruixuts i prims, cartolines, coles, silicona freda, paper d\u2019embalar, paper de xarol, paper seda, paper metal\u00b7litzat, aquarel\u00b7les, adhesius, fang, cinta adhesiva, fotoc\u00f2pies, enquadernacions, plastificacions\u2026,<\/span><\/span><\/span><\/em><\/p>\n<p lang=\"ca-ES\" align=\"justify\"><em><span style=\"color: #808080;\"><span style=\"font-family: Calibri, sans-serif;\"><span style=\"font-size: large;\">Material socialitzat: Eines per modelar plastilina i \/o fang, motlles, punxons, tisores, regles diverses, pinzells, fundes de pl\u00e0stic, arxivadors, safates, tot el material d\u2019espais i caixes d\u2019aprenentatge, tot el material d\u2019\u00fas a les diferents especialitats, \u2026 <\/span><\/span><\/span><\/em><\/p>\n<p lang=\"ca-ES\" align=\"justify\"><em><span style=\"color: #808080;\"><span style=\"font-family: Calibri, sans-serif;\"><span style=\"font-size: large;\">Material did\u00e0ctic: Dossiers de treball elaborats per l\u2019equip docent, reprografia, material d\u2019ambients, espais i \/o racons, jocs did\u00e0ctics, eines pedag\u00f2giques, joguines, material incorporat a les caixes d\u2019aprenentatge i espais, material de laboratori,\u2026 <\/span><\/span><\/span><\/em><\/p>\n<p lang=\"ca-ES\" align=\"justify\"><em><span style=\"color: #808080;\"><span style=\"font-family: Calibri, sans-serif;\"><span style=\"font-size: large;\">Materials i plataformes digitals d\u2019aprenentatge: Tauletes, Chromebook, llic\u00e8ncies digitals, protecci\u00f3 dels dispositius\u2026<\/span><\/span><\/span><\/em><\/p>\n<p lang=\"ca-ES\" align=\"justify\"><em><span style=\"color: #808080;\"><span style=\"font-family: Calibri, sans-serif;\"><span style=\"font-size: large;\">Llibres socialitzats: Llibres de text d\u2019angl\u00e8s de cicle mitj\u00e0 i superior, diccionaris de catal\u00e0, d\u2019angl\u00e8s i castell\u00e0, llibres de lectura i consulta de les biblioteques d\u2019aules i de cicles\u2026.<\/span><\/span><\/span><\/em><\/p>\n<p lang=\"ca-ES\" align=\"justify\"><em><span style=\"color: #808080;\"><span style=\"font-family: Calibri, sans-serif;\"><span style=\"font-size: large;\">La quota de material, tecnol\u00f2gica i socialitzaci\u00f3 segueix sent de 115\u202f\u20ac .<\/span><\/span><\/span><\/em><\/p>\n<p lang=\"ca-ES\" align=\"justify\"><em><span style=\"color: #808080;\"><span style=\"font-family: Calibri, sans-serif;\"><span style=\"font-size: large;\">Aquest curs s\u2019ha aprovat per consell escolar l\u2019opci\u00f3 de fer una quota \u00fanica de 85 \u20ac d\u2019excursions. <\/span><\/span><\/span><\/em><\/p>\n<p lang=\"ca-ES\" align=\"justify\"><em><span style=\"color: #808080;\"><span style=\"font-family: Calibri, sans-serif;\"><span style=\"font-size: large;\">A la documentaci\u00f3 proporcionada a les fam\u00edlies al m\u00e9s de juliol, especifica d\u2019una forma m\u00e9s detallada tota la informaci\u00f3 relacionada a aquestes dues quotes.<\/span><\/span><\/span><\/em><\/p>\n<p lang=\"ca-ES\" align=\"justify\"><em><span style=\"color: #808080;\"><span style=\"font-family: Calibri, sans-serif;\"><span style=\"font-size: large;\">Qu\u00e8 inclou la quota de material, tecnol\u00f2gica i socialitzaci\u00f3?<\/span><\/span><\/span><\/em><\/p>\n<p lang=\"ca-ES\" align=\"justify\"><em><span style=\"color: #808080;\"><span style=\"font-family: Calibri, sans-serif;\"><span style=\"font-size: large;\">Aquesta quota \u00fanica inclou: <\/span><\/span><\/span><\/em><\/p>\n<p lang=\"ca-ES\" align=\"justify\"><em><span style=\"color: #808080;\"><span style=\"font-family: Calibri, sans-serif;\"><span style=\"font-size: large;\">Material fungible: Agenda escolar, llibretes diverses, carpetes diverses, retoladors, pintures, plastilina, vernissos, fulls, fulls de colors, fulls de dibuix, gomets, retoladors gruixuts i prims, cartolines, coles, silicona freda, paper d\u2019embalar, paper de xarol, paper seda, paper metal\u00b7litzat, aquarel\u00b7les, adhesius, fang, cinta adhesiva, fotoc\u00f2pies, enquadernacions, plastificacions\u2026,<\/span><\/span><\/span><\/em><\/p>\n<p lang=\"ca-ES\" align=\"justify\"><em><span style=\"color: #808080;\"><span style=\"font-family: Calibri, sans-serif;\"><span style=\"font-size: large;\">Material socialitzat: Eines per modelar plastilina i \/o fang, motlles, punxons, tisores, regles diverses, pinzells, fundes de pl\u00e0stic, arxivadors, safates, tot el material d\u2019espais i caixes d\u2019aprenentatge, tot el material d\u2019\u00fas a les diferents especialitats, \u2026 <\/span><\/span><\/span><\/em><\/p>\n<p lang=\"ca-ES\" align=\"justify\"><em><span style=\"color: #808080;\"><a style=\"color: #808080;\" name=\"_GoBack\"><\/a><span style=\"font-family: Calibri, sans-serif;\"><span style=\"font-size: large;\">Material did\u00e0ctic: Dossiers de treball elaborats per l\u2019equip docent, reprografia, material d\u2019ambients, espais i \/o racons, jocs did\u00e0ctics, eines pedag\u00f2giques, joguines, material incorporat a les caixes d\u2019aprenentatge i espais, material de laboratori,\u2026 <\/span><\/span><\/span><\/em><\/p>\n<p lang=\"ca-ES\" align=\"justify\"><em><span style=\"color: #808080;\"><span style=\"font-family: Calibri, sans-serif;\"><span style=\"font-size: large;\">Materials i plataformes digitals d\u2019aprenentatge: Tauletes, Chromebook, llic\u00e8ncies digitals, protecci\u00f3 dels dispositius\u2026<\/span><\/span><\/span><\/em><\/p>\n<p lang=\"ca-ES\" align=\"justify\"><em><span style=\"color: #808080;\"><span style=\"font-family: Calibri, sans-serif;\"><span style=\"font-size: large;\">Llibres socialitzats: Llibres de text d\u2019angl\u00e8s de cicle mitj\u00e0 i superior, diccionaris de catal\u00e0, d\u2019angl\u00e8s i castell\u00e0, llibres de lectura i consulta de les biblioteques d\u2019aules i de cicles\u2026.<\/span><\/span><\/span><\/em><\/p>\n<div class=\"xat24cr\">\n<div class=\"x13faqbe x78zum5 xdt5ytf\">\n<div class=\"x9f619 x1n2onr6 x1ja2u2z x78zum5 x1r8uery x1iyjqo2 xs83m0k xeuugli x1nhvcw1 x1qjc9v5 xozqiw3 x1q0g3np xexx8yu xykv574 xbmpl8g x4cne27 xifccgj\">\n<div class=\"x9f619 x1n2onr6 x1ja2u2z x78zum5 xdt5ytf x2lah0s x193iq5w xeuugli xsyo7zv x16hj40l x10b6aqq x1yrsyyn\"><\/div>\n<\/div>\n<\/div>\n<\/div>\n\t<\/div>\n<\/div>\n\n\n\n\n\t\t\t<\/div> \n\t\t<\/div>\n\t<\/div> \n\n\t<div  class=\"vc_col-sm-2 wpb_column column_container vc_column_container col no-extra-padding inherit_tablet inherit_phone\"  data-padding-pos=\"all\" data-has-bg-color=\"false\" data-bg-color=\"\" data-bg-opacity=\"1\" data-animation=\"\" data-delay=\"0\" >\n\t\t<div class=\"vc_column-inner\" >\n\t\t\t<div class=\"wpb_wrapper\">\n\t\t\t\t\n\t\t\t<\/div> \n\t\t<\/div>\n\t<\/div> \n<\/div><\/div>","protected":false},"excerpt":{"rendered":"LLIBRES I QUOTES Quota Material. La quota de material, tecnol\u00f2gica i socialitzaci\u00f3 segueix sent de 115\u202f\u20ac . Aquest curs s\u2019ha aprovat per consell escolar l\u2019opci\u00f3 de fer una quota \u00fanica...","protected":false},"author":1,"featured_media":0,"parent":0,"menu_order":0,"comment_status":"open","ping_status":"closed","template":"","meta":{"footnotes":""},"class_list":["post-3404","page","type-page","status-publish"],"_links":{"self":[{"href":"https:\/\/www.escolaginestaripollet.cat\/es\/wp-json\/wp\/v2\/pages\/3404","targetHints":{"allow":["GET"]}}],"collection":[{"href":"https:\/\/www.escolaginestaripollet.cat\/es\/wp-json\/wp\/v2\/pages"}],"about":[{"href":"https:\/\/www.escolaginestaripollet.cat\/es\/wp-json\/wp\/v2\/types\/page"}],"author":[{"embeddable":true,"href":"https:\/\/www.escolaginestaripollet.cat\/es\/wp-json\/wp\/v2\/users\/1"}],"replies":[{"embeddable":true,"href":"https:\/\/www.escolaginestaripollet.cat\/es\/wp-json\/wp\/v2\/comments?post=3404"}],"version-history":[{"count":9,"href":"https:\/\/www.escolaginestaripollet.cat\/es\/wp-json\/wp\/v2\/pages\/3404\/revisions"}],"predecessor-version":[{"id":3692,"href":"https:\/\/www.escolaginestaripollet.cat\/es\/wp-json\/wp\/v2\/pages\/3404\/revisions\/3692"}],"wp:attachment":[{"href":"https:\/\/www.escolaginestaripollet.cat\/es\/wp-json\/wp\/v2\/media?parent=3404"}],"curies":[{"name":"wp","href":"https:\/\/api.w.org\/{rel}","templated":true}]}}