{"id":3405,"date":"2026-02-04T09:37:12","date_gmt":"2026-02-04T09:37:12","guid":{"rendered":"https:\/\/www.escolaginestaripollet.cat\/benvinguda-8\/"},"modified":"2026-02-04T14:35:49","modified_gmt":"2026-02-04T14:35:49","slug":"documents-descola","status":"publish","type":"page","link":"https:\/\/www.escolaginestaripollet.cat\/es\/documents-descola\/","title":{"rendered":"DOCUMENTS D\u00b4ESCOLA"},"content":{"rendered":"<div id=\"fws_6a046bca2d30c\"  data-column-margin=\"default\" data-midnight=\"dark\"  class=\"wpb_row vc_row-fluid vc_row full-width-content vc_row-o-equal-height vc_row-flex vc_row-o-content-top\"  style=\"padding-top: 0px; padding-bottom: 0px; \"><div class=\"row-bg-wrap\" data-bg-animation=\"none\" data-bg-animation-delay=\"\" data-bg-overlay=\"false\"><div class=\"inner-wrap row-bg-layer\" ><div class=\"row-bg viewport-desktop\"  style=\"\"><\/div><\/div><\/div><div class=\"row_col_wrap_12 col span_12 dark left\">\n\t<div  class=\"vc_col-sm-12 wpb_column column_container vc_column_container col no-extra-padding inherit_tablet inherit_phone\"  data-padding-pos=\"all\" data-has-bg-color=\"false\" data-bg-color=\"\" data-bg-opacity=\"1\" data-animation=\"\" data-delay=\"0\" >\n\t\t<div class=\"vc_column-inner\" >\n\t\t\t<div class=\"wpb_wrapper\">\n\t\t\t\t<div id=\"fws_6a046bca2daf5\" data-midnight=\"\" data-column-margin=\"default\" class=\"wpb_row vc_row-fluid vc_row inner_row\"  style=\"\"><div class=\"row-bg-wrap\"> <div class=\"row-bg\" ><\/div> <\/div><div class=\"row_col_wrap_12_inner col span_12  left\">\n\t<div  class=\"vc_col-sm-7 wpb_column column_container vc_column_container col child_column no-extra-padding inherit_tablet inherit_phone\"   data-padding-pos=\"all\" data-has-bg-color=\"false\" data-bg-color=\"\" data-bg-opacity=\"1\" data-animation=\"\" data-delay=\"0\" >\n\t\t<div class=\"vc_column-inner\" >\n\t\t<div class=\"wpb_wrapper\">\n\t\t\t<div class=\"img-with-aniamtion-wrap\" data-max-width=\"100%\" data-max-width-mobile=\"default\" data-shadow=\"none\" data-animation=\"none\" >\n      <div class=\"inner\">\n        <div class=\"hover-wrap\"> \n          <div class=\"hover-wrap-inner\">\n            <img loading=\"lazy\" decoding=\"async\" class=\"img-with-animation skip-lazy\" data-delay=\"0\" height=\"1211\" width=\"1920\" data-animation=\"none\" src=\"https:\/\/www.escolaginestaripollet.cat\/wp-content\/uploads\/2026\/02\/franz26-ai-generated-8237708_1920.jpg\" alt=\"\" srcset=\"https:\/\/www.escolaginestaripollet.cat\/wp-content\/uploads\/2026\/02\/franz26-ai-generated-8237708_1920.jpg 1920w, https:\/\/www.escolaginestaripollet.cat\/wp-content\/uploads\/2026\/02\/franz26-ai-generated-8237708_1920-300x189.jpg 300w, https:\/\/www.escolaginestaripollet.cat\/wp-content\/uploads\/2026\/02\/franz26-ai-generated-8237708_1920-1024x646.jpg 1024w, https:\/\/www.escolaginestaripollet.cat\/wp-content\/uploads\/2026\/02\/franz26-ai-generated-8237708_1920-768x484.jpg 768w, https:\/\/www.escolaginestaripollet.cat\/wp-content\/uploads\/2026\/02\/franz26-ai-generated-8237708_1920-1536x969.jpg 1536w, https:\/\/www.escolaginestaripollet.cat\/wp-content\/uploads\/2026\/02\/franz26-ai-generated-8237708_1920-18x12.jpg 18w\" sizes=\"auto, (max-width: 1920px) 100vw, 1920px\" \/>\n          <\/div>\n        <\/div>\n      <\/div>\n    <\/div>\n\t\t<\/div> \n\t<\/div>\n\t<\/div> \n\n\t<div  class=\"vc_col-sm-4 wpb_column column_container vc_column_container col child_column no-extra-padding left_margin_16px top_margin_tablet_0px top_margin_phone_0px right_margin_phone_15px left_margin_tablet_18px left_margin_phone_17px inherit_tablet inherit_phone\"   data-padding-pos=\"all\" data-has-bg-color=\"false\" data-bg-color=\"\" data-bg-opacity=\"1\" data-animation=\"\" data-delay=\"0\" >\n\t\t<div class=\"vc_column-inner\" >\n\t\t<div class=\"wpb_wrapper\">\n\t\t\t<div class=\"divider-wrap\" data-alignment=\"default\"><div style=\"height: 100px;\" class=\"divider\"><\/div><\/div>\n<div class=\"wpb_text_column wpb_content_element  vc_custom_1770214711979\" >\n\t<div class=\"wpb_wrapper\">\n\t\t<p><span style=\"font-family: Calibri, sans-serif;\"><span style=\"font-size: xx-large;\">DOCUMENTS D\u00b4 ESCOLA<\/span><\/span><\/p>\n\t<\/div>\n<\/div>\n\n\n\n\n<div class=\"wpb_text_column wpb_content_element  vc_custom_1770215746153\" >\n\t<div class=\"wpb_wrapper\">\n\t\t<p><span style=\"color: #808080;\"><a style=\"color: #808080;\" href=\"https:\/\/www.escolaginestaripollet.cat\/wp-content\/uploads\/2026\/02\/Norfc-.pdf\"><em><span style=\"font-family: Calibri, sans-serif;\"><span style=\"font-size: large;\">Normes d\u2019 Organitzaci\u00f3 i Funcionament del Centre<\/span><\/span><\/em><\/a><\/span><\/p>\n<p><span style=\"color: #808080;\"><a style=\"color: #808080;\" href=\"https:\/\/www.escolaginestaripollet.cat\/wp-content\/uploads\/2026\/02\/PEC.pdf\"><em><span style=\"font-family: Calibri, sans-serif;\"><span style=\"font-size: large;\">Projecte Educatiu de Centre<\/span><\/span><\/em><\/a><\/span><\/p>\n<p><span style=\"color: #808080;\"><a style=\"color: #808080;\" href=\"https:\/\/www.escolaginestaripollet.cat\/wp-content\/uploads\/2026\/02\/PLC-english-inclos-pag-web.pdf\"><em><span style=\"font-family: Calibri, sans-serif;\"><span style=\"font-size: large;\">Projecte Ling\u00fc\u00edstic<\/span><\/span><\/em><\/a><\/span><\/p>\n\t<\/div>\n<\/div>\n\n\n\n<div class=\"divider-wrap\" data-alignment=\"default\"><div style=\"height: 10px;\" class=\"divider\"><\/div><\/div><div class=\"img-with-aniamtion-wrap right\" data-max-width=\"100%\" data-max-width-mobile=\"default\" data-shadow=\"none\" data-animation=\"none\" >\n      <div class=\"inner\">\n        <div class=\"hover-wrap\"> \n          <div class=\"hover-wrap-inner\">\n            <img loading=\"lazy\" decoding=\"async\" class=\"img-with-animation skip-lazy\" data-delay=\"0\" height=\"100\" width=\"100\" data-animation=\"none\" src=\"\" alt=\"\"  \/>\n          <\/div>\n        <\/div>\n      <\/div>\n    <\/div>\n\t\t<\/div> \n\t<\/div>\n\t<\/div> \n<\/div><\/div>\n\t\t\t<\/div> \n\t\t<\/div>\n\t<\/div> \n<\/div><\/div>","protected":false},"excerpt":{"rendered":"DOCUMENTS D\u00b4 ESCOLA Normes d\u2019 Organitzaci\u00f3 i Funcionament del Centre Projecte Educatiu de Centre Projecte Ling\u00fc\u00edstic","protected":false},"author":1,"featured_media":0,"parent":0,"menu_order":0,"comment_status":"open","ping_status":"closed","template":"","meta":{"footnotes":""},"class_list":["post-3405","page","type-page","status-publish"],"_links":{"self":[{"href":"https:\/\/www.escolaginestaripollet.cat\/es\/wp-json\/wp\/v2\/pages\/3405","targetHints":{"allow":["GET"]}}],"collection":[{"href":"https:\/\/www.escolaginestaripollet.cat\/es\/wp-json\/wp\/v2\/pages"}],"about":[{"href":"https:\/\/www.escolaginestaripollet.cat\/es\/wp-json\/wp\/v2\/types\/page"}],"author":[{"embeddable":true,"href":"https:\/\/www.escolaginestaripollet.cat\/es\/wp-json\/wp\/v2\/users\/1"}],"replies":[{"embeddable":true,"href":"https:\/\/www.escolaginestaripollet.cat\/es\/wp-json\/wp\/v2\/comments?post=3405"}],"version-history":[{"count":9,"href":"https:\/\/www.escolaginestaripollet.cat\/es\/wp-json\/wp\/v2\/pages\/3405\/revisions"}],"predecessor-version":[{"id":3551,"href":"https:\/\/www.escolaginestaripollet.cat\/es\/wp-json\/wp\/v2\/pages\/3405\/revisions\/3551"}],"wp:attachment":[{"href":"https:\/\/www.escolaginestaripollet.cat\/es\/wp-json\/wp\/v2\/media?parent=3405"}],"curies":[{"name":"wp","href":"https:\/\/api.w.org\/{rel}","templated":true}]}}