{"id":3411,"date":"2026-02-04T09:37:30","date_gmt":"2026-02-04T09:37:30","guid":{"rendered":"https:\/\/www.escolaginestaripollet.cat\/benvinguda-14\/"},"modified":"2026-02-04T13:42:26","modified_gmt":"2026-02-04T13:42:26","slug":"menjador","status":"publish","type":"page","link":"https:\/\/www.escolaginestaripollet.cat\/es\/menjador\/","title":{"rendered":"MENJADOR"},"content":{"rendered":"<div id=\"fws_6a04698192766\"  data-column-margin=\"default\" data-midnight=\"dark\"  class=\"wpb_row vc_row-fluid vc_row full-width-content vc_row-o-equal-height vc_row-flex vc_row-o-content-top\"  style=\"padding-top: 0px; padding-bottom: 0px; \"><div class=\"row-bg-wrap\" data-bg-animation=\"none\" data-bg-animation-delay=\"\" data-bg-overlay=\"false\"><div class=\"inner-wrap row-bg-layer\" ><div class=\"row-bg viewport-desktop\"  style=\"\"><\/div><\/div><\/div><div class=\"row_col_wrap_12 col span_12 dark left\">\n\t<div  class=\"vc_col-sm-12 wpb_column column_container vc_column_container col no-extra-padding inherit_tablet inherit_phone\"  data-padding-pos=\"all\" data-has-bg-color=\"false\" data-bg-color=\"\" data-bg-opacity=\"1\" data-animation=\"\" data-delay=\"0\" >\n\t\t<div class=\"vc_column-inner\" >\n\t\t\t<div class=\"wpb_wrapper\">\n\t\t\t\t<div id=\"fws_6a04698192b5d\" data-midnight=\"\" data-column-margin=\"default\" class=\"wpb_row vc_row-fluid vc_row inner_row\"  style=\"\"><div class=\"row-bg-wrap\"> <div class=\"row-bg\" ><\/div> <\/div><div class=\"row_col_wrap_12_inner col span_12  left\">\n\t<div  class=\"vc_col-sm-7 wpb_column column_container vc_column_container col child_column no-extra-padding inherit_tablet inherit_phone\"   data-padding-pos=\"all\" data-has-bg-color=\"false\" data-bg-color=\"\" data-bg-opacity=\"1\" data-animation=\"\" data-delay=\"0\" >\n\t\t<div class=\"vc_column-inner\" >\n\t\t<div class=\"wpb_wrapper\">\n\t\t\t<div class=\"img-with-aniamtion-wrap\" data-max-width=\"100%\" data-max-width-mobile=\"default\" data-shadow=\"none\" data-animation=\"none\" >\n      <div class=\"inner\">\n        <div class=\"hover-wrap\"> \n          <div class=\"hover-wrap-inner\">\n            <img loading=\"lazy\" decoding=\"async\" class=\"img-with-animation skip-lazy\" data-delay=\"0\" height=\"2560\" width=\"1920\" data-animation=\"none\" src=\"https:\/\/www.escolaginestaripollet.cat\/wp-content\/uploads\/2026\/02\/Menjador-1-scaled-1.jpg\" alt=\"\" srcset=\"https:\/\/www.escolaginestaripollet.cat\/wp-content\/uploads\/2026\/02\/Menjador-1-scaled-1.jpg 1920w, https:\/\/www.escolaginestaripollet.cat\/wp-content\/uploads\/2026\/02\/Menjador-1-scaled-1-225x300.jpg 225w, https:\/\/www.escolaginestaripollet.cat\/wp-content\/uploads\/2026\/02\/Menjador-1-scaled-1-768x1024.jpg 768w, https:\/\/www.escolaginestaripollet.cat\/wp-content\/uploads\/2026\/02\/Menjador-1-scaled-1-1152x1536.jpg 1152w, https:\/\/www.escolaginestaripollet.cat\/wp-content\/uploads\/2026\/02\/Menjador-1-scaled-1-1536x2048.jpg 1536w, https:\/\/www.escolaginestaripollet.cat\/wp-content\/uploads\/2026\/02\/Menjador-1-scaled-1-9x12.jpg 9w\" sizes=\"auto, (max-width: 1920px) 100vw, 1920px\" \/>\n          <\/div>\n        <\/div>\n      <\/div>\n    <\/div>\n\t\t<\/div> \n\t<\/div>\n\t<\/div> \n\n\t<div  class=\"vc_col-sm-4 wpb_column column_container vc_column_container col child_column no-extra-padding left_margin_16px top_margin_tablet_0px top_margin_phone_0px right_margin_phone_15px left_margin_tablet_18px left_margin_phone_17px inherit_tablet inherit_phone\"   data-padding-pos=\"all\" data-has-bg-color=\"false\" data-bg-color=\"\" data-bg-opacity=\"1\" data-animation=\"\" data-delay=\"0\" >\n\t\t<div class=\"vc_column-inner\" >\n\t\t<div class=\"wpb_wrapper\">\n\t\t\t<div class=\"divider-wrap\" data-alignment=\"default\"><div style=\"height: 100px;\" class=\"divider\"><\/div><\/div>\n<div class=\"wpb_text_column wpb_content_element  vc_custom_1770212494573\" >\n\t<div class=\"wpb_wrapper\">\n\t\t<p><span style=\"font-family: Calibri, sans-serif;\"><span style=\"font-size: xx-large;\">MENJADOR<\/span><\/span><\/p>\n\t<\/div>\n<\/div>\n\n\n\n\n<div class=\"wpb_text_column wpb_content_element  vc_custom_1770212542691\" >\n\t<div class=\"wpb_wrapper\">\n\t\t<p lang=\"ca-ES\" align=\"justify\"><em><span style=\"color: #808080;\"><span style=\"font-family: Calibri, sans-serif;\"><span style=\"font-size: large;\">L\u2019escola disposa d\u2019una cuina pr\u00f2pia, gestionada per l\u2019empresa Scolarest.<\/span><\/span><\/span><\/em><\/p>\n<p lang=\"ca-ES\" align=\"justify\"><em><span style=\"color: #808080;\">\u00a0<\/span><\/em><\/p>\n<p lang=\"ca-ES\" align=\"justify\"><em><span style=\"color: #808080;\"><span style=\"font-family: Calibri, sans-serif;\"><span style=\"font-size: large;\">L\u2019hora de dinar \u00e9s una estona de relaci\u00f3, diversi\u00f3 i aprenentatge durant la qual es transmeten i potencien costums vitals saludables a m\u00e9s de valors educatius.<\/span><\/span><\/span><\/em><\/p>\n<p lang=\"ca-ES\" align=\"justify\"><em><span style=\"color: #808080;\">\u00a0<\/span><\/em><\/p>\n<p lang=\"ca-ES\" align=\"justify\"><em><span style=\"color: #808080;\"><a style=\"color: #808080;\" name=\"_GoBack\"><\/a><span style=\"font-family: Calibri, sans-serif;\"><span style=\"font-size: large;\">Els objectius del servei s\u00f3n, oferir una dieta equilibrada, seguir una programaci\u00f3 d\u2019activitats educatives i gaudir de l\u2019estona de menjador.<\/span><\/span><\/span><\/em><\/p>\n<p>&nbsp;<\/p>\n<p>&nbsp;<\/p>\n<div class=\"xat24cr\">\n<div class=\"x13faqbe x78zum5 xdt5ytf\">\n<div class=\"x9f619 x1n2onr6 x1ja2u2z x78zum5 x1r8uery x1iyjqo2 xs83m0k xeuugli x1nhvcw1 x1qjc9v5 xozqiw3 x1q0g3np xexx8yu xykv574 xbmpl8g x4cne27 xifccgj\">\n<div class=\"x9f619 x1n2onr6 x1ja2u2z x78zum5 xdt5ytf x2lah0s x193iq5w xeuugli xsyo7zv x16hj40l x10b6aqq x1yrsyyn\"><\/div>\n<\/div>\n<\/div>\n<\/div>\n\t<\/div>\n<\/div>\n\n\n\n<div class=\"divider-wrap\" data-alignment=\"default\"><div style=\"height: 10px;\" class=\"divider\"><\/div><\/div><div class=\"img-with-aniamtion-wrap right\" data-max-width=\"100%\" data-max-width-mobile=\"default\" data-shadow=\"none\" data-animation=\"none\" >\n      <div class=\"inner\">\n        <div class=\"hover-wrap\"> \n          <div class=\"hover-wrap-inner\">\n            <img loading=\"lazy\" decoding=\"async\" class=\"img-with-animation skip-lazy\" data-delay=\"0\" height=\"100\" width=\"100\" data-animation=\"none\" src=\"\" alt=\"\"  \/>\n          <\/div>\n        <\/div>\n      <\/div>\n    <\/div>\n\t\t<\/div> \n\t<\/div>\n\t<\/div> \n<\/div><\/div>\n\t\t\t<\/div> \n\t\t<\/div>\n\t<\/div> \n<\/div><\/div>","protected":false},"excerpt":{"rendered":"MENJADOR L\u2019escola disposa d\u2019una cuina pr\u00f2pia, gestionada per l\u2019empresa Scolarest. \u00a0 L\u2019hora de dinar \u00e9s una estona de relaci\u00f3, diversi\u00f3 i aprenentatge durant la qual es transmeten i potencien costums...","protected":false},"author":1,"featured_media":0,"parent":0,"menu_order":0,"comment_status":"open","ping_status":"closed","template":"","meta":{"footnotes":""},"class_list":["post-3411","page","type-page","status-publish"],"_links":{"self":[{"href":"https:\/\/www.escolaginestaripollet.cat\/es\/wp-json\/wp\/v2\/pages\/3411","targetHints":{"allow":["GET"]}}],"collection":[{"href":"https:\/\/www.escolaginestaripollet.cat\/es\/wp-json\/wp\/v2\/pages"}],"about":[{"href":"https:\/\/www.escolaginestaripollet.cat\/es\/wp-json\/wp\/v2\/types\/page"}],"author":[{"embeddable":true,"href":"https:\/\/www.escolaginestaripollet.cat\/es\/wp-json\/wp\/v2\/users\/1"}],"replies":[{"embeddable":true,"href":"https:\/\/www.escolaginestaripollet.cat\/es\/wp-json\/wp\/v2\/comments?post=3411"}],"version-history":[{"count":2,"href":"https:\/\/www.escolaginestaripollet.cat\/es\/wp-json\/wp\/v2\/pages\/3411\/revisions"}],"predecessor-version":[{"id":3514,"href":"https:\/\/www.escolaginestaripollet.cat\/es\/wp-json\/wp\/v2\/pages\/3411\/revisions\/3514"}],"wp:attachment":[{"href":"https:\/\/www.escolaginestaripollet.cat\/es\/wp-json\/wp\/v2\/media?parent=3411"}],"curies":[{"name":"wp","href":"https:\/\/api.w.org\/{rel}","templated":true}]}}