{"id":3412,"date":"2026-02-04T09:37:33","date_gmt":"2026-02-04T09:37:33","guid":{"rendered":"https:\/\/www.escolaginestaripollet.cat\/benvinguda-15\/"},"modified":"2026-02-07T11:05:16","modified_gmt":"2026-02-07T11:05:16","slug":"docs-descarregables","status":"publish","type":"page","link":"https:\/\/www.escolaginestaripollet.cat\/es\/docs-descarregables\/","title":{"rendered":"DOCS. DESCARREGABLES"},"content":{"rendered":"<div id=\"fws_6a06d9c57ab0c\"  data-column-margin=\"default\" data-midnight=\"dark\"  class=\"wpb_row vc_row-fluid vc_row full-width-content vc_row-o-equal-height vc_row-flex vc_row-o-content-top\"  style=\"padding-top: 0px; padding-bottom: 0px; \"><div class=\"row-bg-wrap\" data-bg-animation=\"none\" data-bg-animation-delay=\"\" data-bg-overlay=\"false\"><div class=\"inner-wrap row-bg-layer\" ><div class=\"row-bg viewport-desktop\"  style=\"\"><\/div><\/div><\/div><div class=\"row_col_wrap_12 col span_12 dark left\">\n\t<div  class=\"vc_col-sm-12 wpb_column column_container vc_column_container col no-extra-padding inherit_tablet inherit_phone\"  data-padding-pos=\"all\" data-has-bg-color=\"false\" data-bg-color=\"\" data-bg-opacity=\"1\" data-animation=\"\" data-delay=\"0\" >\n\t\t<div class=\"vc_column-inner\" >\n\t\t\t<div class=\"wpb_wrapper\">\n\t\t\t\t<div id=\"fws_6a06d9c57b1a2\" data-midnight=\"\" data-column-margin=\"default\" class=\"wpb_row vc_row-fluid vc_row inner_row\"  style=\"\"><div class=\"row-bg-wrap\"> <div class=\"row-bg\" ><\/div> <\/div><div class=\"row_col_wrap_12_inner col span_12  left\">\n\t<div  class=\"vc_col-sm-7 wpb_column column_container vc_column_container col child_column no-extra-padding inherit_tablet inherit_phone\"   data-padding-pos=\"all\" data-has-bg-color=\"false\" data-bg-color=\"\" data-bg-opacity=\"1\" data-animation=\"\" data-delay=\"0\" >\n\t\t<div class=\"vc_column-inner\" >\n\t\t<div class=\"wpb_wrapper\">\n\t\t\t<div class=\"img-with-aniamtion-wrap\" data-max-width=\"100%\" data-max-width-mobile=\"default\" data-shadow=\"none\" data-animation=\"none\" >\n      <div class=\"inner\">\n        <div class=\"hover-wrap\"> \n          <div class=\"hover-wrap-inner\">\n            <img loading=\"lazy\" decoding=\"async\" class=\"img-with-animation skip-lazy\" data-delay=\"0\" height=\"1365\" width=\"2048\" data-animation=\"none\" src=\"https:\/\/www.escolaginestaripollet.cat\/wp-content\/uploads\/2026\/02\/11-1.jpg\" alt=\"\" srcset=\"https:\/\/www.escolaginestaripollet.cat\/wp-content\/uploads\/2026\/02\/11-1.jpg 2048w, https:\/\/www.escolaginestaripollet.cat\/wp-content\/uploads\/2026\/02\/11-1-300x200.jpg 300w, https:\/\/www.escolaginestaripollet.cat\/wp-content\/uploads\/2026\/02\/11-1-1024x683.jpg 1024w, https:\/\/www.escolaginestaripollet.cat\/wp-content\/uploads\/2026\/02\/11-1-768x512.jpg 768w, https:\/\/www.escolaginestaripollet.cat\/wp-content\/uploads\/2026\/02\/11-1-1536x1024.jpg 1536w, https:\/\/www.escolaginestaripollet.cat\/wp-content\/uploads\/2026\/02\/11-1-18x12.jpg 18w, https:\/\/www.escolaginestaripollet.cat\/wp-content\/uploads\/2026\/02\/11-1-900x600.jpg 900w\" sizes=\"auto, (max-width: 2048px) 100vw, 2048px\" \/>\n          <\/div>\n        <\/div>\n      <\/div>\n    <\/div>\n\t\t<\/div> \n\t<\/div>\n\t<\/div> \n\n\t<div  class=\"vc_col-sm-4 wpb_column column_container vc_column_container col child_column no-extra-padding left_margin_16px top_margin_tablet_0px top_margin_phone_0px right_margin_phone_15px left_margin_tablet_18px left_margin_phone_17px inherit_tablet inherit_phone\"   data-padding-pos=\"all\" data-has-bg-color=\"false\" data-bg-color=\"\" data-bg-opacity=\"1\" data-animation=\"\" data-delay=\"0\" >\n\t\t<div class=\"vc_column-inner\" >\n\t\t<div class=\"wpb_wrapper\">\n\t\t\t<div class=\"divider-wrap\" data-alignment=\"default\"><div style=\"height: 100px;\" class=\"divider\"><\/div><\/div>\n<div class=\"wpb_text_column wpb_content_element  vc_custom_1770216601806\" >\n\t<div class=\"wpb_wrapper\">\n\t\t<p><span style=\"font-family: Calibri, sans-serif;\"><span style=\"font-size: xx-large;\">DOCUMENTS DESCARREGABLES<\/span><\/span><\/p>\n\t<\/div>\n<\/div>\n\n\n\n\n<div class=\"wpb_text_column wpb_content_element  vc_custom_1770217072087\" >\n\t<div class=\"wpb_wrapper\">\n\t\t<p class=\"western\"><span style=\"color: #808080;\"><a style=\"color: #808080;\" href=\"https:\/\/www.escolaginestaripollet.cat\/wp-content\/uploads\/2026\/02\/Administracio-medicaments.pdf\"><em><span style=\"font-family: Calibri, sans-serif;\"><span style=\"font-size: large;\">Administraci\u00f3 medicaments<\/span><\/span><\/em><\/a><\/span><\/p>\n<p><span style=\"color: #808080;\"><a style=\"color: #808080;\" href=\"https:\/\/www.escolaginestaripollet.cat\/wp-content\/uploads\/2026\/02\/Autoritzacio-marxar-sol.pdf\"><em><span style=\"font-family: Calibri, sans-serif;\"><span style=\"font-size: large;\">Autoritzaci\u00f3 marxar sol<\/span><\/span><\/em><\/a><\/span><\/p>\n<p><a href=\"https:\/\/www.escolaginestaripollet.cat\/wp-content\/uploads\/2026\/02\/Autoritzacio-recollida-menor.pdf\"><em><span style=\"font-family: Calibri, sans-serif; color: #808080;\"><span style=\"font-size: large;\"><span style=\"color: #808080;\">Autoritzaci\u00f3 recollida menor<\/span><\/span><\/span><\/em><\/a><\/p>\n<p>&nbsp;<\/p>\n<p>&nbsp;<\/p>\n<div class=\"xat24cr\">\n<div class=\"x13faqbe x78zum5 xdt5ytf\">\n<div class=\"x9f619 x1n2onr6 x1ja2u2z x78zum5 x1r8uery x1iyjqo2 xs83m0k xeuugli x1nhvcw1 x1qjc9v5 xozqiw3 x1q0g3np xexx8yu xykv574 xbmpl8g x4cne27 xifccgj\">\n<div class=\"x9f619 x1n2onr6 x1ja2u2z x78zum5 xdt5ytf x2lah0s x193iq5w xeuugli xsyo7zv x16hj40l x10b6aqq x1yrsyyn\"><\/div>\n<\/div>\n<\/div>\n<\/div>\n\t<\/div>\n<\/div>\n\n\n\n<div class=\"divider-wrap\" data-alignment=\"default\"><div style=\"height: 10px;\" class=\"divider\"><\/div><\/div><div class=\"img-with-aniamtion-wrap right\" data-max-width=\"100%\" data-max-width-mobile=\"default\" data-shadow=\"none\" data-animation=\"none\" >\n      <div class=\"inner\">\n        <div class=\"hover-wrap\"> \n          <div class=\"hover-wrap-inner\">\n            <img loading=\"lazy\" decoding=\"async\" class=\"img-with-animation skip-lazy\" data-delay=\"0\" height=\"100\" width=\"100\" data-animation=\"none\" src=\"\" alt=\"\"  \/>\n          <\/div>\n        <\/div>\n      <\/div>\n    <\/div>\n\t\t<\/div> \n\t<\/div>\n\t<\/div> \n<\/div><\/div>\n\t\t\t<\/div> \n\t\t<\/div>\n\t<\/div> \n<\/div><\/div>","protected":false},"excerpt":{"rendered":"DOCUMENTS DESCARREGABLES Administraci\u00f3 medicaments Autoritzaci\u00f3 marxar sol Autoritzaci\u00f3 recollida menor &nbsp; &nbsp;","protected":false},"author":1,"featured_media":0,"parent":0,"menu_order":0,"comment_status":"open","ping_status":"closed","template":"","meta":{"footnotes":""},"class_list":["post-3412","page","type-page","status-publish"],"_links":{"self":[{"href":"https:\/\/www.escolaginestaripollet.cat\/es\/wp-json\/wp\/v2\/pages\/3412","targetHints":{"allow":["GET"]}}],"collection":[{"href":"https:\/\/www.escolaginestaripollet.cat\/es\/wp-json\/wp\/v2\/pages"}],"about":[{"href":"https:\/\/www.escolaginestaripollet.cat\/es\/wp-json\/wp\/v2\/types\/page"}],"author":[{"embeddable":true,"href":"https:\/\/www.escolaginestaripollet.cat\/es\/wp-json\/wp\/v2\/users\/1"}],"replies":[{"embeddable":true,"href":"https:\/\/www.escolaginestaripollet.cat\/es\/wp-json\/wp\/v2\/comments?post=3412"}],"version-history":[{"count":8,"href":"https:\/\/www.escolaginestaripollet.cat\/es\/wp-json\/wp\/v2\/pages\/3412\/revisions"}],"predecessor-version":[{"id":3601,"href":"https:\/\/www.escolaginestaripollet.cat\/es\/wp-json\/wp\/v2\/pages\/3412\/revisions\/3601"}],"wp:attachment":[{"href":"https:\/\/www.escolaginestaripollet.cat\/es\/wp-json\/wp\/v2\/media?parent=3412"}],"curies":[{"name":"wp","href":"https:\/\/api.w.org\/{rel}","templated":true}]}}